
{"id":369562,"date":"2022-01-05T15:45:12","date_gmt":"2022-01-05T15:45:12","guid":{"rendered":"https:\/\/fincaslayes.com\/?page_id=369562"},"modified":"2022-01-05T15:47:26","modified_gmt":"2022-01-05T15:47:26","slug":"politica-de-cookies","status":"publish","type":"page","link":"https:\/\/fincaslayes.com\/ca\/politica-de-cookies\/","title":{"rendered":"Pol\u00edtica de cookies"},"content":{"rendered":"<p>[et_pb_section fb_built=&#8221;1&#8243; _builder_version=&#8221;4.14.4&#8243; _module_preset=&#8221;default&#8221; global_colors_info=&#8221;{}&#8221;][et_pb_row _builder_version=&#8221;4.14.4&#8243; _module_preset=&#8221;default&#8221; custom_padding=&#8221;139px|||||&#8221; global_colors_info=&#8221;{}&#8221;][et_pb_column type=&#8221;4_4&#8243; _builder_version=&#8221;4.14.4&#8243; _module_preset=&#8221;default&#8221; global_colors_info=&#8221;{}&#8221;][et_pb_text _builder_version=&#8221;4.14.4&#8243; _module_preset=&#8221;default&#8221; global_colors_info=&#8221;{}&#8221;]<\/p>\n<h1 style=\"text-align: center;\">POL\u00cdTICA DE COOKIES<\/h1>\n<p>[\/et_pb_text][et_pb_text _builder_version=&#8221;4.14.4&#8243; _module_preset=&#8221;default&#8221; hover_enabled=&#8221;0&#8243; global_colors_info=&#8221;{}&#8221; sticky_enabled=&#8221;0&#8243;]<\/p>\n<p class=\"h3 politicas\">QU\u00c8 \u00c9S UNA COOKIE?<\/p>\n<p>Una cookie \u00e9s un fitxer que es descarrega en el seu ordinador en accedir a determinades p\u00e0gines web. Les cookies permeten a una p\u00e0gina web, entre altres coses, emmagatzemar i recuperar informaci\u00f3 sobre els h\u00e0bits de navegaci\u00f3 d\u2019un usuari o del seu equip i, depenent de la informaci\u00f3 que contingui i de la forma en qu\u00e8 utilitzi el seu equip, poden utilitzar-se per a recon\u00e8ixer a l\u2019usuari.<\/p>\n<p>Les cookies s\u00f3n essencials per al funcionament d\u2019internet; aportant innombrables avantatges en la prestaci\u00f3 de serveis interactius, facilitant-li la navegaci\u00f3 i usabilitat de la nostra web.<\/p>\n<p class=\"h3 politicas\">TIPUS DE COOKIES<\/p>\n<p>A continuaci\u00f3, es realitza una classificaci\u00f3 de les cookies en funci\u00f3 d\u2019una s\u00e8rie de categories. No obstant aix\u00f2, \u00e9s necessari tenir en compte que una mateixa cookie pot estar inclosa en m\u00e9s d\u2019una categoria.<\/p>\n<p><strong>1. Tipus de cookies segons l\u2019entitat que les gestioni:<\/strong><\/p>\n<p>Segons qui sigui l\u2019entitat que gestioni l\u2019equip o domini des d\u2019on s\u2019envien les cookies i tracti les dades que s\u2019obtinguin es poden distingir dos tipus:<\/p>\n<ul>\n<li>Cookies pr\u00f2pies. \u2013 S\u00f3n aquelles que s\u2019envien a l\u2019equip terminal de l\u2019usuari des d\u2019un equip o domini gestionat pel mateix editor i des del qual es presta el servei sol\u00b7licitat per l\u2019usuari.<\/li>\n<li>Cookies de tercer. \u2013 S\u00f3n aquelles que s\u2019envien a l\u2019equip terminal de l\u2019usuari des d\u2019un equip o domini que no \u00e9s gestionat per l\u2019editor, sin\u00f3 per una altra entitat que tracta les dades obtingudes a trav\u00e9s de les cookies.<\/li>\n<\/ul>\n<p>En el cas que les cookies siguin instal\u00b7lades des d\u2019un equip o domini gestionat pel mateix editor, per\u00f2 la informaci\u00f3 que es reculli mitjan\u00e7ant aquestes sigui gestionada per un tercer, no poden ser considerades com a cookies pr\u00f2pies.<\/p>\n<p><strong>2. Tipus de cookies segons el termini que romanen activades<\/strong><\/p>\n<ul>\n<li>Cookies de sessi\u00f3. \u2013 S\u00f3n un tipus de cookies dissenyades per a recaptar i emmagatzemar dades mentre l\u2019usuari accedeix a una p\u00e0gina web.<\/li>\n<li>Cookies persistents. \u2013 S\u00f3n un tipus de cookies en qu\u00e8 les dades segueixen emmagatzemades en el terminal i poden ser accedides i tractades durant un per\u00edode definit pel responsable de la cookie, i que pot anar d\u2019uns minuts a diversos anys.<\/li>\n<\/ul>\n<p><strong>3. Tipus de cookies segons la seva finalitat<\/strong><\/p>\n<ul>\n<li>Cookies t\u00e8cniques. \u2013 S\u00f3n aquelles que permeten a l\u2019usuari la navegaci\u00f3 a trav\u00e9s d\u2019una p\u00e0gina web, plataforma o aplicaci\u00f3 i la utilitzaci\u00f3 de les diferents opcions o serveis que en ella existeixin.<\/li>\n<li>Cookies de personalitzaci\u00f3. \u2013 S\u00f3n aquelles que permeten a l\u2019usuari accedir al servei amb algunes caracter\u00edstiques de car\u00e0cter general predefinides en funci\u00f3 d\u2019una s\u00e8rie de criteris en el terminal de l\u2019usuari.<\/li>\n<li>Cookies d\u2019an\u00e0lisis. \u2013 S\u00f3n aquelles que permeten al responsable d\u2019aquestes, el seguiment i an\u00e0lisi del comportament dels usuaris dels llocs web als quals estan vinculades.<\/li>\n<li>Cookies publicit\u00e0ries. \u2013 S\u00f3n aquelles que permeten la gesti\u00f3, de la forma m\u00e9s efica\u00e7 possible, dels espais publicitaris que, si escau, l\u2019editor hagi incl\u00f2s en una p\u00e0gina web, aplicaci\u00f3 o plataforma des de la qual presta el servei sol\u00b7licitat sobre la base de criteris com el contingut editat o la freq\u00fc\u00e8ncia en la qual es mostren els anuncis.<\/li>\n<li>Cookies de publicitat comportamental. \u2013 S\u00f3n aquelles que permeten la gesti\u00f3, de la forma m\u00e9s efica\u00e7 possible, dels espais publicitaris que, si escau, l\u2019editor hagi incl\u00f2s en una p\u00e0gina web, aplicaci\u00f3 o plataforma des de la qual presta el servei sol\u00b7licitat. Aquestes cookies emmagatzemen informaci\u00f3 del comportament dels usuaris obtinguda a trav\u00e9s de l\u2019observaci\u00f3 continuada dels seus h\u00e0bits de navegaci\u00f3, la qual cosa permet desenvolupar un perfil espec\u00edfic per a mostrar publicitat en funci\u00f3 d\u2019aquest.<\/li>\n<\/ul>\n<p class=\"h3 politicas\">QUINS TIPUS DE COOKIES UTILITZA AQUEST LLOC WEB?<\/p>\n<p>Segons el que es disposa en l\u2019article 22.2 de la Llei 34\/2002, d\u201911 de juliol, de Serveis de la Societat de la Informaci\u00f3 i de Comer\u00e7 Electr\u00f2nic (LSSI-CE), ADMINISTRACI\u00d3N DE FINCAS LAYES, S.L. informa de les cookies utilitzades en nostra website:<\/p>\n<ul>\n<li>Google Analytics, un servei d\u2019anal\u00edtica web desenvolupada per Google, que permet el mesurament i an\u00e0lisi de la navegaci\u00f3 en les p\u00e0gines web. Segons la tipologia anterior es tracta de cookies de tercers, persistents i d\u2019an\u00e0lisis.<\/li>\n<\/ul>\n<p class=\"h3 politicas\">COM BLOQUEJAR O ELIMINAR LES COOKIES QUE UTILITZA AQUEST LLOC WEB<\/p>\n<p>L\u2019usuari pot permetre, bloquejar o eliminar les cookies instal\u00b7lades en el seu equip mitjan\u00e7ant la configuraci\u00f3 de les opcions del navegador instal\u00b7lat en el seu ordinador.<\/p>\n<p>Si l\u2019usuari no desitja que les seves dades es recopilin amb Google Analytics, pot instal\u00b7lar un complement d\u2019inhabilitaci\u00f3 per a navegadors. M\u00e9s informaci\u00f3 aqu\u00ed.<\/p>\n<p>El fet de bloquejar la instal\u00b7laci\u00f3 de les cookies d\u2019an\u00e0lisis descrites en aquesta pol\u00edtica no impedeix l\u2019efectiva utilitzaci\u00f3 del lloc web per part de l\u2019usuari.<\/p>\n<p>[\/et_pb_text][\/et_pb_column][\/et_pb_row][\/et_pb_section]<\/p>\n","protected":false},"excerpt":{"rendered":"<p>POL\u00cdTICA DE COOKIESQU\u00c8 \u00c9S UNA COOKIE? Una cookie \u00e9s un fitxer que es descarrega en el seu ordinador en accedir a determinades p\u00e0gines web. Les cookies permeten a una p\u00e0gina web, entre altres coses, emmagatzemar i recuperar informaci\u00f3 sobre els h\u00e0bits de navegaci\u00f3 d\u2019un usuari o del seu equip i, depenent de la informaci\u00f3 que [&hellip;]<\/p>\n","protected":false},"author":2,"featured_media":0,"parent":0,"menu_order":0,"comment_status":"closed","ping_status":"closed","template":"","meta":{"_et_pb_use_builder":"on","_et_pb_old_content":"","_et_gb_content_width":"","footnotes":""},"class_list":["post-369562","page","type-page","status-publish","hentry"],"_links":{"self":[{"href":"https:\/\/fincaslayes.com\/ca\/wp-json\/wp\/v2\/pages\/369562","targetHints":{"allow":["GET"]}}],"collection":[{"href":"https:\/\/fincaslayes.com\/ca\/wp-json\/wp\/v2\/pages"}],"about":[{"href":"https:\/\/fincaslayes.com\/ca\/wp-json\/wp\/v2\/types\/page"}],"author":[{"embeddable":true,"href":"https:\/\/fincaslayes.com\/ca\/wp-json\/wp\/v2\/users\/2"}],"replies":[{"embeddable":true,"href":"https:\/\/fincaslayes.com\/ca\/wp-json\/wp\/v2\/comments?post=369562"}],"version-history":[{"count":0,"href":"https:\/\/fincaslayes.com\/ca\/wp-json\/wp\/v2\/pages\/369562\/revisions"}],"wp:attachment":[{"href":"https:\/\/fincaslayes.com\/ca\/wp-json\/wp\/v2\/media?parent=369562"}],"curies":[{"name":"wp","href":"https:\/\/api.w.org\/{rel}","templated":true}]}}