
{"id":369557,"date":"2022-01-05T15:38:38","date_gmt":"2022-01-05T15:38:38","guid":{"rendered":"https:\/\/fincaslayes.com\/aviso-legal\/"},"modified":"2022-01-05T15:42:38","modified_gmt":"2022-01-05T15:42:38","slug":"avis-legal","status":"publish","type":"page","link":"https:\/\/fincaslayes.com\/ca\/avis-legal\/","title":{"rendered":"AVIS LEGAL"},"content":{"rendered":"\n[et_pb_section fb_built=&#8221;1&#8243; _builder_version=&#8221;4.14.4&#8243; _module_preset=&#8221;default&#8221; global_colors_info=&#8221;{}&#8221;][et_pb_row _builder_version=&#8221;4.14.4&#8243; _module_preset=&#8221;default&#8221; custom_padding=&#8221;139px|||||&#8221; global_colors_info=&#8221;{}&#8221;][et_pb_column type=&#8221;4_4&#8243; _builder_version=&#8221;4.14.4&#8243; _module_preset=&#8221;default&#8221; global_colors_info=&#8221;{}&#8221;][et_pb_text _builder_version=&#8221;4.14.4&#8243; _module_preset=&#8221;default&#8221; hover_enabled=&#8221;0&#8243; global_colors_info=&#8221;{}&#8221; sticky_enabled=&#8221;0&#8243;]<h1 style=\"text-align: center;\">AV\u00cdS LEGAL<\/h1>[\/et_pb_text][et_pb_text _builder_version=&#8221;4.14.4&#8243; _module_preset=&#8221;default&#8221; hover_enabled=&#8221;0&#8243; global_colors_info=&#8221;{}&#8221; sticky_enabled=&#8221;0&#8243;]<p class=\"h3 politicas\">INFORMACI\u00d3 GENERAL<\/p>\n<p>En compliment de l\u2019Article 10 de la Llei 34\/2002, d\u201911 de juliol, de Serveis de la Societat de la Informaci\u00f3 i de Comer\u00e7 Electr\u00f2nic (LSSI-CE), s\u2019informa que el titular del lloc web<span>\u00a0<\/span><a href=\"https:\/\/fincaslayes.com\/\">www.fincaslayes.com<\/a><span>\u00a0<\/span>\u00e9s el seg\u00fcent:<\/p>\n<p>ADMINISTRACI\u00d3N DE FINCAS LAYES, S.L., amb CIF B-58118019 i domicili social al C\/ BALMES, 357 \u00c0TIC (08006) BARCELONA, inscrita en el Registre Mercantil, en el tom 23.092, foli 61, full B-47307 i inscripci\u00f3 1\u00aa. La direcci\u00f3 de correu electr\u00f2nic de contacte amb l\u2019empresa \u00e9s:<span>\u00a0<\/span><a href=\"mailto:info@fincaslayes.com\">info@fincaslayes.com<\/a>.<\/p>\n<p class=\"h3 politicas\">OBJECTE<\/p>\n<p>La present p\u00e0gina web<span>\u00a0<\/span><a href=\"https:\/\/fincaslayes.com\/\">www.fincaslayes.com<\/a>, propietat d\u2019ADMINISTRACI\u00d3N DE FINCAS LAYES, S.L. ha estat creada i dissenyada per a donar a con\u00e8ixer i permetre l\u2019acc\u00e9s general de tots els usuaris d\u2019internet, a la informaci\u00f3, activitats, productes i serveis oferts per aquesta entitat.<\/p>\n<p>El present av\u00eds legal t\u00e9 com a objecte establir les Condicions Generals que regulin l\u2019acc\u00e9s i \u00fas general de la citada p\u00e0gina web per part de tots els usuaris, de manera que l\u2019acc\u00e9s i \u00fas d\u2019aquesta implica necess\u00e0riament, la submissi\u00f3 i acceptaci\u00f3 de les Condicions Generals citades incloses en aquest Av\u00eds Legal.<\/p>\n<p class=\"h3 politicas\">USUARI<\/p>\n<p>La utilitzaci\u00f3 d\u2019aquesta p\u00e0gina web li atribueix la condici\u00f3 d\u2019usuari d\u2019aquesta.<\/p>\n<p>Es recomana a l\u2019usuari que llegeixi atenta i detingudament les condicions i instruccions publicades cada vegada que accedeixi a aquesta p\u00e0gina web, at\u00e8s que l\u2019acc\u00e9s implica la seva lectura i acceptaci\u00f3. Mitjan\u00e7ant l\u2019acc\u00e9s i \u00fas a<span>\u00a0<\/span><a href=\"https:\/\/fincaslayes.com\/\">www.fincaslayes.com<\/a><span>\u00a0<\/span>o qualsevol de les seves p\u00e0gines i subdominis, l\u2019usuari manifesta el seu acord de forma expressa, plena i sense reserves a les condicions i instruccions publicades en l\u2019av\u00eds legal en el moment de l\u2019acc\u00e9s sense perjudici de l\u2019aplicaci\u00f3 de la corresponent normativa d\u2019obligat compliment legal segons el cas.<\/p>\n<p>Qualsevol utilitzaci\u00f3 diferent de l\u2019autoritzada est\u00e0 expressament prohibida, quedant ADMINISTRACI\u00d3N DE FINCAS LAYES, S.L. facultada per a denegar o retirar l\u2019acc\u00e9s i \u00fas de la web, en qualsevol moment, i sense previ av\u00eds, a aquells usuaris que incompleixin aquestes condicions generals.<br \/>L\u2019usuari assumeix la seva responsabilitat en l\u2019\u00fas correcte del lloc web.<\/p>\n<p>Aquesta responsabilitat s\u2019estendr\u00e0 a:<\/p>\n<ul>\n<li>La veracitat i licitud de les informacions aportades per l\u2019usuari en els formularis estesos per ADMINISTRACI\u00d3N DE FINCAS LAYES, S.L. per a l\u2019acc\u00e9s a certs continguts o serveis oferts per la web.<\/li>\n<li>L\u2019\u00fas de la informaci\u00f3, serveis i dades ofertes per ADMINISTRACI\u00d3N DE FINCAS LAYES, S.L. contr\u00e0riament al que es disposa per les presents condicions, la Llei, la moral, els bons costums o l\u2019ordre p\u00fablic, o que de qualsevol altra manera puguin suposar lesi\u00f3 dels drets de tercers o del mateix funcionament del lloc web.<\/li>\n<\/ul>\n<p class=\"h3 politicas\">\u00daS NO AUTORITZAT<\/p>\n<p>L\u2019usuari d\u2019aquest lloc web es compromet a no fer \u00fas del mateix per a finalitats o activitats il\u00b7legals o il\u00b7l\u00edcites; en conseq\u00fc\u00e8ncia, no podr\u00e0 variar cap dels elements incorporats en la nostra web, copiar, distribuir, transmetre, presentar, realitzar, o en general, reproduir de qualsevol manera, publicar, autoritzar o crear qualsevol treball sobre la base de la informaci\u00f3 o el contingut incorporat en el nostre lloc web per ADMINISTRACI\u00d3N DE FINCAS LAYES, S.L., els seus agents, directius, filials i\/o empleats.<\/p>\n<p class=\"h3 politicas\">POL\u00cdTICA D\u2019ENLLA\u00c7OS I EXEMPCIONS DE RESPONSABILITAT<\/p>\n<p>ADMINISTRACI\u00d3N DE FINCAS LAYES, S.L. no es fa responsable del contingut dels llocs web als quals l\u2019usuari pugui accedir a trav\u00e9s dels enlla\u00e7os establerts en el seu lloc web i declara que en cap cas procedir\u00e0 a examinar o exercitar cap mena de control sobre el contingut d\u2019altres llocs de la xarxa. Aix\u00ed mateix, tampoc garantir\u00e0 la disponibilitat t\u00e8cnica, exactitud, veracitat, validesa o legalitat de llocs aliens a la seva propietat als quals es pugui accedir per mitj\u00e0 dels enlla\u00e7os.<\/p>\n<p>ADMINISTRACI\u00d3N DE FINCAS LAYES, S.L. declara haver adoptat totes les mesures necess\u00e0ries per a evitar qualssevol que fossin els danys als usuaris del seu lloc web, que poguessin derivar-se de la navegaci\u00f3 pel seu lloc web. En conseq\u00fc\u00e8ncia, ADMINISTRACI\u00d3N DE FINCAS LAYES, S.L. no es fa responsable, en cap cas, dels eventuals danys que per la navegaci\u00f3 per Internet pogu\u00e9s sofrir l\u2019usuari.<\/p>\n<p class=\"h3 politicas\">MODIFICACIONS<\/p>\n<p>ADMINISTRACI\u00d3N DE FINCAS LAYES, S.L. es reserva el dret a realitzar les modificacions que consideri oportunes, sense av\u00eds previ, en el contingut del seu lloc web. Tant referent als continguts del lloc web, com en les condicions d\u2019\u00fas d\u2019aquest, o en les condicions generals de contractaci\u00f3. Aquestes modificacions podran realitzar-se a trav\u00e9s del seu lloc web per qualsevol forma admissible en dret i seran d\u2019obligat compliment durant el temps en qu\u00e8 es trobin publicades en la web i fins que no siguin modificades v\u00e0lidament per altres posteriors.<\/p>\n<p class=\"h3 politicas\">PROPIETAT INTEL\u00b7LECTUAL I INDUSTRIAL<\/p>\n<p>ADMINISTRACI\u00d3N DE FINCAS LAYES, S.L. per si mateixa o com a cession\u00e0ria, \u00e9s titular de tots els drets de propietat intel\u00b7lectual i industrial de la seva p\u00e0gina web, aix\u00ed com dels elements continguts en la mateixa (a t\u00edtol enunciatiu, imatges, so, \u00e0udio, v\u00eddeo, programari o textos; marques o logotips, combinacions de colors, estructura i disseny, selecci\u00f3 de materials usats, programes d\u2019ordinador necessaris per a el seu funcionament, acc\u00e9s i \u00fas, etc.), titularitat d\u2019ADMINISTRACI\u00d3N DE FINCAS LAYES, S.L.. Seran, per tant, obres protegides com a propietat intel\u00b7lectual per l\u2019ordenament jur\u00eddic espanyol, sent-los aplicables tant la normativa espanyola i comunit\u00e0ria en aquest camp, com els tractats internacionals relatius a la mat\u00e8ria i subscrits per Espanya.<\/p>\n<p>Tots els drets reservats. En cap cas s\u2019entendr\u00e0 que es concedeix cap llic\u00e8ncia o s\u2019efectua ren\u00fancia, transmissi\u00f3, cessi\u00f3 total o parcial d\u2019aquests drets. En virtut del que es disposa en els articles 8 i 32.1, par\u00e0graf segon, de la Llei de Propietat Intel\u00b7lectual, queden expressament prohibides la reproducci\u00f3, la distribuci\u00f3 i la comunicaci\u00f3 p\u00fablica, inclosa la seva modalitat de posada a disposici\u00f3, de la totalitat o part dels continguts d\u2019aquesta p\u00e0gina web, amb finalitats comercials, en qualsevol suport i per qualsevol mitj\u00e0 t\u00e8cnic, sense l\u2019autoritzaci\u00f3 d\u2019ADMINISTRACI\u00d3N DE FINCAS LAYES, S.L.<\/p>\n<p>L\u2019usuari es compromet a respectar els drets de Propietat Intel\u00b7lectual i Industrial titularitat d\u2019ADMINISTRACI\u00d3N DE FINCAS LAYES, S.L. Podr\u00e0 visualitzar els elements del portal i fins i tot imprimir-los, copiar-los i emmagatzemar-los en el disc dur del seu ordinador o en qualsevol altre suport f\u00edsic sempre que sigui, \u00fanicament i exclusivament, per al seu \u00fas personal i privat. Les al\u00b7ludides marques comercials s\u00f3n d\u2019\u00fas no autoritzat, per la qual cosa no podran usar-se per cap tercer sense el consentiment expr\u00e9s per escrit i signat pels seus propietaris. Igualment, l\u2019usuari no est\u00e0 autoritzat a utilitzar, en qualsevol altre lloc web, les marques comercials d\u2019ADMINISTRACI\u00d3N DE FINCAS LAYES, S.L. com a vincles sense el seu previ consentiment per escrit.<\/p>\n<p>I tot i en el cas que l\u2019usuari descarregui en la nostra web qualsevol de les aplicacions disponibles per a tal fi, aix\u00f2 no li atorgar\u00e0 cap dret sobre aquestes, at\u00e8s que ADMINISTRACI\u00d3N DE FINCAS LAYES, S.L. nom\u00e9s li autoritza el seu \u00fas i conserva tots els drets d\u2019aquestes.<\/p>\n<p>L\u2019usuari haur\u00e0 d\u2019abstenir-se de suprimir, alterar, eludir o manipular qualsevol dispositiu de protecci\u00f3 o sistema de seguretat que estigu\u00e9s instal\u00b7lat en les p\u00e0gines d\u2019ADMINISTRACI\u00d3N DE FINCAS LAYES, S.L.<\/p>\n<p class=\"h3 politicas\">ACCIONS LEGALS, LEGISLACI\u00d3 APLICABLE I JURISDICCI\u00d3<\/p>\n<p>ADMINISTRACI\u00d3N DE FINCAS LAYES, S.L. es reserva, aix\u00ed mateix, la facultat de presentar les accions civils o penals que consideri oportunes per la utilitzaci\u00f3 indeguda del seu lloc web i continguts, o per l\u2019incompliment de les presents condicions.<\/p>\n<p>La relaci\u00f3 entre l\u2019usuari i el prestador es regir\u00e0 per la normativa vigent i d\u2019aplicaci\u00f3 en el territori espanyol. De sorgir qualsevol controv\u00e8rsia se sotmetr\u00e0 als Jutjats i tribunals de la ciutat de Barcelona, Espanya.<\/p>[\/et_pb_text][\/et_pb_column][\/et_pb_row][\/et_pb_section]\n","protected":false},"excerpt":{"rendered":"<p>AV\u00cdS LEGALINFORMACI\u00d3 GENERAL En compliment de l\u2019Article 10 de la Llei 34\/2002, d\u201911 de juliol, de Serveis de la Societat de la Informaci\u00f3 i de Comer\u00e7 Electr\u00f2nic (LSSI-CE), s\u2019informa que el titular del lloc web\u00a0www.fincaslayes.com\u00a0\u00e9s el seg\u00fcent: ADMINISTRACI\u00d3N DE FINCAS LAYES, S.L., amb CIF B-58118019 i domicili social al C\/ BALMES, 357 \u00c0TIC (08006) BARCELONA, [&hellip;]<\/p>\n","protected":false},"author":2,"featured_media":0,"parent":0,"menu_order":0,"comment_status":"closed","ping_status":"closed","template":"","meta":{"_et_pb_use_builder":"on","_et_pb_old_content":"","_et_gb_content_width":"","footnotes":""},"class_list":["post-369557","page","type-page","status-publish","hentry"],"_links":{"self":[{"href":"https:\/\/fincaslayes.com\/ca\/wp-json\/wp\/v2\/pages\/369557","targetHints":{"allow":["GET"]}}],"collection":[{"href":"https:\/\/fincaslayes.com\/ca\/wp-json\/wp\/v2\/pages"}],"about":[{"href":"https:\/\/fincaslayes.com\/ca\/wp-json\/wp\/v2\/types\/page"}],"author":[{"embeddable":true,"href":"https:\/\/fincaslayes.com\/ca\/wp-json\/wp\/v2\/users\/2"}],"replies":[{"embeddable":true,"href":"https:\/\/fincaslayes.com\/ca\/wp-json\/wp\/v2\/comments?post=369557"}],"version-history":[{"count":0,"href":"https:\/\/fincaslayes.com\/ca\/wp-json\/wp\/v2\/pages\/369557\/revisions"}],"wp:attachment":[{"href":"https:\/\/fincaslayes.com\/ca\/wp-json\/wp\/v2\/media?parent=369557"}],"curies":[{"name":"wp","href":"https:\/\/api.w.org\/{rel}","templated":true}]}}