
{"id":368928,"date":"2021-12-27T11:02:56","date_gmt":"2021-12-27T11:02:56","guid":{"rendered":"https:\/\/fincaslayes.com\/contacto\/"},"modified":"2023-01-16T11:18:43","modified_gmt":"2023-01-16T11:18:43","slug":"contacte","status":"publish","type":"page","link":"https:\/\/fincaslayes.com\/ca\/contacte\/","title":{"rendered":"Contacte"},"content":{"rendered":"<p>[et_pb_section fb_built=&#8221;1&#8243; _builder_version=&#8221;4.14.4&#8243; _module_preset=&#8221;default&#8221; custom_padding=&#8221;||0px|||&#8221; global_colors_info=&#8221;{}&#8221;][et_pb_row _builder_version=&#8221;4.14.4&#8243; _module_preset=&#8221;default&#8221; max_width=&#8221;80%&#8221; custom_padding=&#8221;130px|||||&#8221; global_colors_info=&#8221;{}&#8221;][et_pb_column type=&#8221;4_4&#8243; _builder_version=&#8221;4.14.4&#8243; _module_preset=&#8221;default&#8221; global_colors_info=&#8221;{}&#8221;][et_pb_text _builder_version=&#8221;4.14.4&#8243; _module_preset=&#8221;default&#8221; header_font=&#8221;|300|||||||&#8221; header_text_color=&#8221;#00243a&#8221; header_font_size=&#8221;40px&#8221; custom_margin=&#8221;||29px|||&#8221; global_colors_info=&#8221;{}&#8221;]<\/p>\n<h1 style=\"text-align: center;\"><span>CONTACTE<\/span><\/h1>\n<p>[\/et_pb_text][\/et_pb_column][\/et_pb_row][\/et_pb_section][et_pb_section fb_built=&#8221;1&#8243; _builder_version=&#8221;4.14.4&#8243; _module_preset=&#8221;default&#8221; background_color=&#8221;#b9c4ba&#8221; custom_padding=&#8221;0px||0px||true|&#8221; global_colors_info=&#8221;{}&#8221;][et_pb_row _builder_version=&#8221;4.14.4&#8243; _module_preset=&#8221;default&#8221; global_colors_info=&#8221;{}&#8221;][et_pb_column type=&#8221;4_4&#8243; _builder_version=&#8221;4.14.4&#8243; _module_preset=&#8221;default&#8221; global_colors_info=&#8221;{}&#8221;][et_pb_text _builder_version=&#8221;4.14.4&#8243; _module_preset=&#8221;default&#8221; text_text_color=&#8221;#00243a&#8221; global_colors_info=&#8221;{}&#8221;]<\/p>\n<p style=\"text-align: center;\">Estem a la seva disposici\u00f3 sempre que ho necessiti.<br \/>\nLi atendrem en persona, per tel\u00e8fon o via online; com vost\u00e8 prefereixi.<\/p>\n<p>[\/et_pb_text][\/et_pb_column][\/et_pb_row][et_pb_row column_structure=&#8221;1_2,1_2&#8243; use_custom_gutter=&#8221;on&#8221; gutter_width=&#8221;1&#8243; _builder_version=&#8221;4.14.4&#8243; _module_preset=&#8221;default&#8221; max_width=&#8221;500px&#8221; custom_padding=&#8221;0px||20px||false|false&#8221; global_colors_info=&#8221;{}&#8221;][et_pb_column type=&#8221;1_2&#8243; _builder_version=&#8221;4.14.4&#8243; _module_preset=&#8221;default&#8221; global_colors_info=&#8221;{}&#8221;][et_pb_text module_id=&#8221;b350&#8243; _builder_version=&#8221;4.14.4&#8243; _module_preset=&#8221;default&#8221; text_text_color=&#8221;#00243a&#8221; text_font_size=&#8221;18px&#8221; text_line_height=&#8221;2em&#8221; width=&#8221;180px&#8221; module_alignment=&#8221;center&#8221; custom_css_main_element=&#8221;cursor:pointer;&#8221; border_width_bottom=&#8221;3px&#8221; border_color_bottom=&#8221;#00243a&#8221; global_colors_info=&#8221;{}&#8221;]<\/p>\n<p onclick=\"blames350Click()\" style=\"text-align: center;\">BALMES 350<\/p>\n<p>[\/et_pb_text][\/et_pb_column][et_pb_column type=&#8221;1_2&#8243; _builder_version=&#8221;4.14.4&#8243; _module_preset=&#8221;default&#8221; global_colors_info=&#8221;{}&#8221;][et_pb_text module_id=&#8221;b357&#8243; _builder_version=&#8221;4.14.7&#8243; _module_preset=&#8221;default&#8221; text_text_color=&#8221;#00243a&#8221; text_font_size=&#8221;18px&#8221; text_line_height=&#8221;2em&#8221; width=&#8221;180px&#8221; module_alignment=&#8221;center&#8221; hover_enabled=&#8221;0&#8243; custom_css_main_element=&#8221;cursor:pointer;&#8221; border_width_bottom=&#8221;3px&#8221; border_color_bottom=&#8221;#FFFFFF&#8221; global_colors_info=&#8221;{}&#8221; sticky_enabled=&#8221;0&#8243;]<\/p>\n<p onclick=\"blames357Click()\" style=\"text-align: center;\">BALMES 357<\/p>\n<p>[\/et_pb_text][\/et_pb_column][\/et_pb_row][\/et_pb_section][et_pb_section fb_built=&#8221;1&#8243; module_id=&#8221;blames350&#8243; _builder_version=&#8221;4.14.4&#8243; _module_preset=&#8221;default&#8221; custom_padding=&#8221;0px|||||&#8221; global_colors_info=&#8221;{}&#8221;][et_pb_row _builder_version=&#8221;4.14.4&#8243; _module_preset=&#8221;default&#8221; width=&#8221;100%&#8221; max_width=&#8221;100%&#8221; custom_padding=&#8221;0px|||||&#8221; global_colors_info=&#8221;{}&#8221;][et_pb_column type=&#8221;4_4&#8243; _builder_version=&#8221;4.14.4&#8243; _module_preset=&#8221;default&#8221; global_colors_info=&#8221;{}&#8221;][et_pb_map address=&#8221;Carrer de Balmes, 350, 08006 Barcelona, Espa\u00f1a&#8221; address_lat=&#8221;41.4037117&#8243; address_lng=&#8221;2.1426422&#8243; _builder_version=&#8221;4.14.4&#8243; _module_preset=&#8221;default&#8221; min_height=&#8221;800px&#8221; global_colors_info=&#8221;{}&#8221;][et_pb_map_pin title=&#8221;FINCAS LAYES&#8221; pin_address=&#8221;Carrer de Balmes, 350, 08006 Barcelona, Espa\u00f1a&#8221; zoom_level=&#8221;11&#8243; pin_address_lat=&#8221;41.4037117&#8243; pin_address_lng=&#8221;2.1426422&#8243; _builder_version=&#8221;4.14.4&#8243; _module_preset=&#8221;default&#8221; global_colors_info=&#8221;{}&#8221;][\/et_pb_map_pin][\/et_pb_map][\/et_pb_column][\/et_pb_row][et_pb_row make_equal=&#8221;on&#8221; _builder_version=&#8221;4.14.4&#8243; _module_preset=&#8221;default&#8221; positioning=&#8221;absolute&#8221; width=&#8221;50%&#8221; max_width=&#8221;400px&#8221; custom_margin=&#8221;|||13%|false|false&#8221; custom_padding=&#8221;0px||0px|||&#8221; global_colors_info=&#8221;{}&#8221;][et_pb_column type=&#8221;4_4&#8243; _builder_version=&#8221;4.14.4&#8243; _module_preset=&#8221;default&#8221; background_color=&#8221;#002a42&#8243; custom_padding=&#8221;5%|5%|5%|5%|true|true&#8221; custom_css_main_element=&#8221;height:400px;&#8221; global_colors_info=&#8221;{}&#8221;][et_pb_text _builder_version=&#8221;4.14.4&#8243; _module_preset=&#8221;default&#8221; text_text_color=&#8221;#FFFFFF&#8221; header_text_color=&#8221;#FFFFFF&#8221; header_font_size=&#8221;25px&#8221; header_2_text_color=&#8221;#FFFFFF&#8221; header_2_font_size=&#8221;20px&#8221; custom_padding=&#8221;15%||||false|false&#8221; global_colors_info=&#8221;{}&#8221;]<\/p>\n<h1>BALMES 350<\/h1>\n<h2>ADMINISTRACI\u00d3 DE FINQUES I SERVEIS IMMOBILIARIS<\/h2>\n<p>[\/et_pb_text][et_pb_text _builder_version=&#8221;4.14.4&#8243; _module_preset=&#8221;default&#8221; text_text_color=&#8221;#FFFFFF&#8221; text_font_size=&#8221;18px&#8221; header_text_color=&#8221;#FFFFFF&#8221; header_font_size=&#8221;25px&#8221; header_2_text_color=&#8221;#FFFFFF&#8221; header_2_font_size=&#8221;20px&#8221; global_colors_info=&#8221;{}&#8221;]<\/p>\n<p>Balmes 350<br \/>08006 Barcelona<\/p>\n<p>[\/et_pb_text][et_pb_text _builder_version=&#8221;4.14.4&#8243; _module_preset=&#8221;default&#8221; text_text_color=&#8221;#FFFFFF&#8221; text_font_size=&#8221;18px&#8221; header_text_color=&#8221;#FFFFFF&#8221; header_font_size=&#8221;25px&#8221; header_2_text_color=&#8221;#FFFFFF&#8221; header_2_font_size=&#8221;20px&#8221; custom_margin=&#8221;40px||||false|false&#8221; global_colors_info=&#8221;{}&#8221;]<\/p>\n<p>+34 93 212 86 58<br \/><a href=\"mailto:info@fincaslayes.com\">info@fincaslayes.com<\/a><\/p>\n<p>[\/et_pb_text][\/et_pb_column][\/et_pb_row][\/et_pb_section][et_pb_section fb_built=&#8221;1&#8243; disabled_on=&#8221;off|off|off&#8221; module_id=&#8221;blames357&#8243; _builder_version=&#8221;4.14.4&#8243; _module_preset=&#8221;default&#8221; custom_padding=&#8221;0px|||||&#8221; global_colors_info=&#8221;{}&#8221;][et_pb_row _builder_version=&#8221;4.14.4&#8243; _module_preset=&#8221;default&#8221; width=&#8221;100%&#8221; max_width=&#8221;100%&#8221; custom_padding=&#8221;0px|||||&#8221; global_colors_info=&#8221;{}&#8221;][et_pb_column type=&#8221;4_4&#8243; _builder_version=&#8221;4.14.4&#8243; _module_preset=&#8221;default&#8221; global_colors_info=&#8221;{}&#8221;][et_pb_map address=&#8221;Carrer de Balmes, 357, 08006 Barcelona, Espa\u00f1a&#8221; zoom_level=&#8221;19&#8243; address_lat=&#8221;41.403831&#8243; address_lng=&#8221;2.1416101&#8243; _builder_version=&#8221;4.14.4&#8243; _module_preset=&#8221;default&#8221; min_height=&#8221;800px&#8221; global_colors_info=&#8221;{}&#8221;][et_pb_map_pin title=&#8221;FINCAS LAYES&#8221; pin_address=&#8221;Carrer de Balmes, 357, 08006 Barcelona, Espa\u00f1a&#8221; pin_address_lat=&#8221;41.403831&#8243; pin_address_lng=&#8221;2.1416101&#8243; _builder_version=&#8221;4.14.4&#8243; _module_preset=&#8221;default&#8221; global_colors_info=&#8221;{}&#8221;][\/et_pb_map_pin][\/et_pb_map][\/et_pb_column][\/et_pb_row][et_pb_row _builder_version=&#8221;4.14.4&#8243; _module_preset=&#8221;default&#8221; custom_padding=&#8221;||0px|||&#8221; global_colors_info=&#8221;{}&#8221;][et_pb_column type=&#8221;4_4&#8243; _builder_version=&#8221;4.14.4&#8243; _module_preset=&#8221;default&#8221; global_colors_info=&#8221;{}&#8221;][et_pb_code _builder_version=&#8221;4.14.4&#8243; _module_preset=&#8221;default&#8221; global_colors_info=&#8221;{}&#8221;]<script><!-- [et_pb_line_break_holder] -->jQuery( document ).ready(function() {<!-- [et_pb_line_break_holder] -->jQuery(\"#blames357\").hide();<!-- [et_pb_line_break_holder] -->});<!-- [et_pb_line_break_holder] -->      <!-- [et_pb_line_break_holder] -->  function blames357Click (){<!-- [et_pb_line_break_holder] --><!-- [et_pb_line_break_holder] -->\tif(jQuery('#blames357').is(\":visible\")){<!-- [et_pb_line_break_holder] -->\t}else{<!-- [et_pb_line_break_holder] -->\tjQuery(\"#blames357\").show();<!-- [et_pb_line_break_holder] -->  jQuery(\"#blames350\").hide();<!-- [et_pb_line_break_holder] -->  jQuery(\"#b350\").css(\"border-color\",\"white\");<!-- [et_pb_line_break_holder] -->    jQuery(\"#b357\").css(\"border-color\",\"#002a42\");<!-- [et_pb_line_break_holder] -->}<!-- [et_pb_line_break_holder] -->}<!-- [et_pb_line_break_holder] -->  function blames350Click (){<!-- [et_pb_line_break_holder] --><!-- [et_pb_line_break_holder] -->\tif(jQuery('#blames350').is(\":visible\")){<!-- [et_pb_line_break_holder] -->\t}else{<!-- [et_pb_line_break_holder] -->\tjQuery(\"#blames350\").show();<!-- [et_pb_line_break_holder] -->  jQuery(\"#blames357\").hide();<!-- [et_pb_line_break_holder] -->     jQuery(\"#b357\").css(\"border-color\",\"white\");<!-- [et_pb_line_break_holder] -->    jQuery(\"#b350\").css(\"border-color\",\"#002a42\");<!-- [et_pb_line_break_holder] -->    <!-- [et_pb_line_break_holder] -->}<!-- [et_pb_line_break_holder] -->}<!-- [et_pb_line_break_holder] -->  <!-- [et_pb_line_break_holder] --><\/script>[\/et_pb_code][\/et_pb_column][\/et_pb_row][et_pb_row make_equal=&#8221;on&#8221; _builder_version=&#8221;4.14.4&#8243; _module_preset=&#8221;default&#8221; positioning=&#8221;absolute&#8221; width=&#8221;50%&#8221; max_width=&#8221;400px&#8221; custom_margin=&#8221;|||13%|false|false&#8221; custom_padding=&#8221;0px||0px|||&#8221; global_colors_info=&#8221;{}&#8221;][et_pb_column type=&#8221;4_4&#8243; _builder_version=&#8221;4.14.4&#8243; _module_preset=&#8221;default&#8221; background_color=&#8221;#002a42&#8243; custom_padding=&#8221;5%|5%|5%|5%|true|true&#8221; custom_css_main_element=&#8221;height:400px;&#8221; global_colors_info=&#8221;{}&#8221;][et_pb_text _builder_version=&#8221;4.14.4&#8243; _module_preset=&#8221;default&#8221; text_text_color=&#8221;#FFFFFF&#8221; header_text_color=&#8221;#FFFFFF&#8221; header_font_size=&#8221;25px&#8221; header_2_text_color=&#8221;#FFFFFF&#8221; header_2_font_size=&#8221;20px&#8221; custom_padding=&#8221;15%||||false|false&#8221; global_colors_info=&#8221;{}&#8221;]<\/p>\n<h1>BALMES 357<\/h1>\n<h2><span>GESTI\u00d3 DE LA PROPIETAT VERTICAL, FINANCES I SERVEIS LABORALS<\/span><\/h2>\n<p>[\/et_pb_text][et_pb_text _builder_version=&#8221;4.14.4&#8243; _module_preset=&#8221;default&#8221; text_text_color=&#8221;#FFFFFF&#8221; text_font_size=&#8221;18px&#8221; header_text_color=&#8221;#FFFFFF&#8221; header_font_size=&#8221;25px&#8221; header_2_text_color=&#8221;#FFFFFF&#8221; header_2_font_size=&#8221;20px&#8221; global_colors_info=&#8221;{}&#8221;]<\/p>\n<p><span>Balmes 357, \u00c1tic<\/span><br \/><span>08006 Barcelona<\/span><\/p>\n<p>[\/et_pb_text][et_pb_text _builder_version=&#8221;4.14.4&#8243; _module_preset=&#8221;default&#8221; text_text_color=&#8221;#FFFFFF&#8221; text_font_size=&#8221;18px&#8221; header_text_color=&#8221;#FFFFFF&#8221; header_font_size=&#8221;25px&#8221; header_2_text_color=&#8221;#FFFFFF&#8221; header_2_font_size=&#8221;20px&#8221; custom_margin=&#8221;40px||||false|false&#8221; global_colors_info=&#8221;{}&#8221;]<\/p>\n<p>+34 93 212 86 58<br \/><a href=\"mailto:info@fincaslayes.com\">info@fincaslayes.com<\/a><\/p>\n<p>[\/et_pb_text][\/et_pb_column][\/et_pb_row][\/et_pb_section]<\/p>\n","protected":false},"excerpt":{"rendered":"<p>CONTACTEEstem a la seva disposici\u00f3 sempre que ho necessiti. Li atendrem en persona, per tel\u00e8fon o via online; com vost\u00e8 prefereixi.BALMES 350BALMES 357BALMES 350 ADMINISTRACI\u00d3 DE FINQUES I SERVEIS IMMOBILIARISBalmes 35008006 Barcelona+34 93 212 86 58info@fincaslayes.comBALMES 357 GESTI\u00d3 DE LA PROPIETAT VERTICAL, FINANCES I SERVEIS LABORALSBalmes 357, \u00c1tic08006 Barcelona+34 93 212 86 58info@fincaslayes.com<\/p>\n","protected":false},"author":2,"featured_media":0,"parent":0,"menu_order":0,"comment_status":"closed","ping_status":"closed","template":"","meta":{"_et_pb_use_builder":"on","_et_pb_old_content":"","_et_gb_content_width":"","footnotes":""},"class_list":["post-368928","page","type-page","status-publish","hentry"],"_links":{"self":[{"href":"https:\/\/fincaslayes.com\/ca\/wp-json\/wp\/v2\/pages\/368928","targetHints":{"allow":["GET"]}}],"collection":[{"href":"https:\/\/fincaslayes.com\/ca\/wp-json\/wp\/v2\/pages"}],"about":[{"href":"https:\/\/fincaslayes.com\/ca\/wp-json\/wp\/v2\/types\/page"}],"author":[{"embeddable":true,"href":"https:\/\/fincaslayes.com\/ca\/wp-json\/wp\/v2\/users\/2"}],"replies":[{"embeddable":true,"href":"https:\/\/fincaslayes.com\/ca\/wp-json\/wp\/v2\/comments?post=368928"}],"version-history":[{"count":1,"href":"https:\/\/fincaslayes.com\/ca\/wp-json\/wp\/v2\/pages\/368928\/revisions"}],"predecessor-version":[{"id":372129,"href":"https:\/\/fincaslayes.com\/ca\/wp-json\/wp\/v2\/pages\/368928\/revisions\/372129"}],"wp:attachment":[{"href":"https:\/\/fincaslayes.com\/ca\/wp-json\/wp\/v2\/media?parent=368928"}],"curies":[{"name":"wp","href":"https:\/\/api.w.org\/{rel}","templated":true}]}}