
{"id":368888,"date":"2021-12-27T09:12:45","date_gmt":"2021-12-27T09:12:45","guid":{"rendered":"https:\/\/fincaslayes.com\/administracion-de-fincas\/"},"modified":"2022-01-05T10:48:26","modified_gmt":"2022-01-05T10:48:26","slug":"administracio-de-finques","status":"publish","type":"page","link":"https:\/\/fincaslayes.com\/ca\/administracio-de-finques\/","title":{"rendered":"Administraci\u00f3 de finques"},"content":{"rendered":"<p>[et_pb_section fb_built=&#8221;1&#8243; _builder_version=&#8221;4.14.4&#8243; _module_preset=&#8221;default&#8221; custom_margin=&#8221;||||false|false&#8221; custom_padding=&#8221;||0px||false|false&#8221; global_colors_info=&#8221;{}&#8221;][et_pb_row _builder_version=&#8221;4.14.4&#8243; _module_preset=&#8221;default&#8221; max_width=&#8221;80%&#8221; custom_padding=&#8221;130px|||||&#8221; global_colors_info=&#8221;{}&#8221;][et_pb_column type=&#8221;4_4&#8243; _builder_version=&#8221;4.14.4&#8243; _module_preset=&#8221;default&#8221; global_colors_info=&#8221;{}&#8221;][et_pb_text _builder_version=&#8221;4.14.4&#8243; _module_preset=&#8221;default&#8221; header_font=&#8221;|300|||||||&#8221; header_text_color=&#8221;#00243a&#8221; header_font_size=&#8221;40px&#8221; custom_margin=&#8221;2px||30px||false|false&#8221; global_colors_info=&#8221;{}&#8221;]<\/p>\n<h1 style=\"text-align: center;\"><span>SERVEIS<\/span><\/h1>\n<p>[\/et_pb_text][\/et_pb_column][\/et_pb_row][\/et_pb_section][et_pb_section fb_built=&#8221;1&#8243; _builder_version=&#8221;4.14.4&#8243; _module_preset=&#8221;default&#8221; background_color=&#8221;#b9c4ba&#8221; custom_padding=&#8221;0px||0px||true|&#8221; global_colors_info=&#8221;{}&#8221;][et_pb_row column_structure=&#8221;1_4,1_4,1_4,1_4&#8243; module_class=&#8221;two-columns&#8221; _builder_version=&#8221;4.14.4&#8243; _module_preset=&#8221;default&#8221; global_colors_info=&#8221;{}&#8221;][et_pb_column type=&#8221;1_4&#8243; _builder_version=&#8221;4.14.4&#8243; _module_preset=&#8221;default&#8221; global_colors_info=&#8221;{}&#8221;][et_pb_blurb title=&#8221;ADMINISTRACI\u00d3 DE FINQUES&#8221; url=&#8221;\/ca\/administracio-de-finques\/&#8221; image=&#8221;https:\/\/fincaslayes.com\/wp-content\/uploads\/2021\/12\/icon-administracion-fincasB.png&#8221; image_icon_width=&#8221;83%&#8221; _builder_version=&#8221;4.14.4&#8243; _module_preset=&#8221;default&#8221; header_text_align=&#8221;center&#8221; header_text_color=&#8221;#002941&#8243; transform_scale_linked=&#8221;off&#8221; transform_translate_linked__hover=&#8221;off&#8221; link_option_url=&#8221;\/administracion-de-fincas\/&#8221; custom_css_blurb_image=&#8221;max-width:120px;&#8221; global_colors_info=&#8221;{}&#8221; transform_styles__hover_enabled=&#8221;off|desktop&#8221; transform_scale__hover_enabled=&#8221;off|desktop&#8221; transform_translate__hover_enabled=&#8221;off|desktop&#8221; transform_rotate__hover_enabled=&#8221;off|desktop&#8221; transform_skew__hover_enabled=&#8221;off|desktop&#8221; transform_origin__hover_enabled=&#8221;off|desktop&#8221; transform_translate__hover=&#8221;0px|-10px&#8221;][\/et_pb_blurb][\/et_pb_column][et_pb_column type=&#8221;1_4&#8243; _builder_version=&#8221;4.14.4&#8243; _module_preset=&#8221;default&#8221; global_colors_info=&#8221;{}&#8221;][et_pb_blurb title=&#8221;GESTI\u00d3 DE LA PROPIETAT VERTICAL&#8221; url=&#8221;\/ca\/gestio-de-la-propietat-vertical\/&#8221; image=&#8221;https:\/\/fincaslayes.com\/wp-content\/uploads\/2021\/12\/icon-propiedad-vertical.png&#8221; _builder_version=&#8221;4.14.4&#8243; _module_preset=&#8221;default&#8221; header_text_align=&#8221;center&#8221; header_text_color=&#8221;#FFFFFF&#8221; transform_scale_linked=&#8221;off&#8221; transform_translate_linked__hover=&#8221;off&#8221; link_option_url=&#8221;\/gestion-de-la-propiedad-vertical\/&#8221; custom_css_blurb_image=&#8221;max-width:100px;&#8221; global_colors_info=&#8221;{}&#8221; transform_styles__hover_enabled=&#8221;on|hover&#8221; transform_scale__hover_enabled=&#8221;on|hover&#8221; transform_translate__hover_enabled=&#8221;on|desktop&#8221; transform_rotate__hover_enabled=&#8221;on|desktop&#8221; transform_skew__hover_enabled=&#8221;on|desktop&#8221; transform_origin__hover_enabled=&#8221;on|desktop&#8221; transform_translate__hover=&#8221;0px|-10px&#8221;][\/et_pb_blurb][\/et_pb_column][et_pb_column type=&#8221;1_4&#8243; _builder_version=&#8221;4.14.4&#8243; _module_preset=&#8221;default&#8221; global_colors_info=&#8221;{}&#8221;][et_pb_blurb title=&#8221;SERVEIS JUR\u00cdDICS&#8221; url=&#8221;\/ca\/serveis-juridics\/&#8221; image=&#8221;https:\/\/fincaslayes.com\/wp-content\/uploads\/2021\/12\/icon-servicios-juridicos.png&#8221; _builder_version=&#8221;4.14.4&#8243; _module_preset=&#8221;default&#8221; header_text_align=&#8221;center&#8221; header_text_color=&#8221;#FFFFFF&#8221; transform_scale_linked=&#8221;off&#8221; transform_translate_linked__hover=&#8221;off&#8221; link_option_url=&#8221;\/servicios-juridicos\/&#8221; custom_css_blurb_image=&#8221;max-width:100px;&#8221; global_colors_info=&#8221;{}&#8221; transform_styles__hover_enabled=&#8221;on|hover&#8221; transform_scale__hover_enabled=&#8221;on|hover&#8221; transform_translate__hover_enabled=&#8221;on|desktop&#8221; transform_rotate__hover_enabled=&#8221;on|desktop&#8221; transform_skew__hover_enabled=&#8221;on|desktop&#8221; transform_origin__hover_enabled=&#8221;on|desktop&#8221; transform_translate__hover=&#8221;0px|-10px&#8221;][\/et_pb_blurb][\/et_pb_column][et_pb_column type=&#8221;1_4&#8243; _builder_version=&#8221;4.14.4&#8243; _module_preset=&#8221;default&#8221; global_colors_info=&#8221;{}&#8221;][et_pb_blurb title=&#8221;IMMOBILI\u00c0RIA&#8221; url=&#8221;\/ca\/immobiliaria\/&#8221; image=&#8221;https:\/\/fincaslayes.com\/wp-content\/uploads\/2021\/12\/icon-inmobiliaria.png&#8221; _builder_version=&#8221;4.14.4&#8243; _module_preset=&#8221;default&#8221; header_text_align=&#8221;center&#8221; header_text_color=&#8221;#FFFFFF&#8221; transform_scale_linked=&#8221;off&#8221; transform_translate_linked__hover=&#8221;off&#8221; link_option_url=&#8221;\/inmuebles\/&#8221; custom_css_blurb_image=&#8221;max-width:100px;&#8221; global_colors_info=&#8221;{}&#8221; transform_styles__hover_enabled=&#8221;on|hover&#8221; transform_scale__hover_enabled=&#8221;on|hover&#8221; transform_translate__hover_enabled=&#8221;on|desktop&#8221; transform_rotate__hover_enabled=&#8221;on|desktop&#8221; transform_skew__hover_enabled=&#8221;on|desktop&#8221; transform_origin__hover_enabled=&#8221;on|desktop&#8221; transform_translate__hover=&#8221;0px|-10px&#8221;][\/et_pb_blurb][\/et_pb_column][\/et_pb_row][\/et_pb_section][et_pb_section fb_built=&#8221;1&#8243; _builder_version=&#8221;4.14.4&#8243; _module_preset=&#8221;default&#8221; background_color=&#8221;#00243a&#8221; custom_padding=&#8221;0px||0px|||&#8221; global_colors_info=&#8221;{}&#8221;][et_pb_row column_structure=&#8221;3_5,2_5&#8243; use_custom_gutter=&#8221;on&#8221; gutter_width=&#8221;1&#8243; make_equal=&#8221;on&#8221; _builder_version=&#8221;4.14.4&#8243; _module_preset=&#8221;default&#8221; custom_padding=&#8221;25px||25px||true|false&#8221; global_colors_info=&#8221;{}&#8221;][et_pb_column type=&#8221;3_5&#8243; _builder_version=&#8221;4.14.4&#8243; _module_preset=&#8221;default&#8221; custom_css_main_element=&#8221;display: flex;||flex-direction: column;||justify-content: center;&#8221; global_colors_info=&#8221;{}&#8221;][et_pb_text _builder_version=&#8221;4.14.4&#8243; _module_preset=&#8221;default&#8221; header_4_text_color=&#8221;#FFFFFF&#8221; custom_padding=&#8221;||||false|false&#8221; global_colors_info=&#8221;{}&#8221;]<\/p>\n<h4><span>Est\u00e0 buscant un administrador de finques per a la seva comunitat de propietaris?<\/span><\/h4>\n<p>[\/et_pb_text][\/et_pb_column][et_pb_column type=&#8221;2_5&#8243; _builder_version=&#8221;4.14.4&#8243; _module_preset=&#8221;default&#8221; global_colors_info=&#8221;{}&#8221;][et_pb_button button_url=&#8221;\/ca\/sollicitar-pressupost\/&#8221; button_text=&#8221; SOL\u00b7LICITAR PRESSUPOST&#8221; _builder_version=&#8221;4.14.4&#8243; _module_preset=&#8221;default&#8221; custom_button=&#8221;on&#8221; button_text_size=&#8221;18px&#8221; button_text_color=&#8221;#00243a&#8221; button_bg_color=&#8221;#FFFFFF&#8221; button_border_width=&#8221;0px&#8221; button_border_radius=&#8221;23px&#8221; button_letter_spacing=&#8221;0px&#8221; button_use_icon=&#8221;off&#8221; hover_enabled=&#8221;0&#8243; global_colors_info=&#8221;{}&#8221; button_bg_color__hover_enabled=&#8221;on|hover&#8221; button_bg_color__hover=&#8221;#ba9663&#8243; button_bg_enable_color__hover=&#8221;on&#8221; sticky_enabled=&#8221;0&#8243;][\/et_pb_button][\/et_pb_column][\/et_pb_row][\/et_pb_section][et_pb_section fb_built=&#8221;1&#8243; _builder_version=&#8221;4.14.4&#8243; _module_preset=&#8221;default&#8221; global_colors_info=&#8221;{}&#8221;][et_pb_row _builder_version=&#8221;4.14.4&#8243; _module_preset=&#8221;default&#8221; max_width=&#8221;80%&#8221; global_colors_info=&#8221;{}&#8221;][et_pb_column type=&#8221;4_4&#8243; _builder_version=&#8221;4.14.4&#8243; _module_preset=&#8221;default&#8221; global_colors_info=&#8221;{}&#8221;][et_pb_text _builder_version=&#8221;4.14.4&#8243; _module_preset=&#8221;default&#8221; header_font=&#8221;|300|||||||&#8221; header_text_color=&#8221;#00243a&#8221; header_font_size=&#8221;35px&#8221; header_2_font=&#8221;|300|||||||&#8221; header_2_text_color=&#8221;#00243a&#8221; custom_margin=&#8221;||29px|||&#8221; global_colors_info=&#8221;{}&#8221;]<\/p>\n<h2 style=\"text-align: center;\">EXPERTS EN LA GESTI\u00d3 INTEGRAL DE COMUNITATS<\/h2>\n<p>[\/et_pb_text][\/et_pb_column][\/et_pb_row][et_pb_row column_structure=&#8221;1_3,1_3,1_3&#8243; use_custom_gutter=&#8221;on&#8221; gutter_width=&#8221;2&#8243; make_equal=&#8221;on&#8221; _builder_version=&#8221;4.14.4&#8243; _module_preset=&#8221;default&#8221; max_width=&#8221;70%&#8221; custom_padding=&#8221;||6px|||&#8221; global_colors_info=&#8221;{}&#8221;][et_pb_column type=&#8221;1_3&#8243; _builder_version=&#8221;4.14.4&#8243; _module_preset=&#8221;default&#8221; background_image=&#8221;https:\/\/fincaslayes.com\/wp-content\/uploads\/2021\/12\/pared-01.jpg&#8221; global_colors_info=&#8221;{}&#8221;][et_pb_image src=&#8221;https:\/\/fincaslayes.com\/wp-content\/uploads\/2021\/12\/pared-01.jpg&#8221; title_text=&#8221;pared-01&#8243; disabled_on=&#8221;off|off|on&#8221; _builder_version=&#8221;4.14.4&#8243; _module_preset=&#8221;default&#8221; global_colors_info=&#8221;{}&#8221;][\/et_pb_image][\/et_pb_column][et_pb_column type=&#8221;1_3&#8243; _builder_version=&#8221;4.14.4&#8243; _module_preset=&#8221;default&#8221; background_color=&#8221;#002941&#8243; custom_padding=&#8221;45px|3%|45px|3%|false|true&#8221; custom_padding_tablet=&#8221;|10%||10%|false|true&#8221; custom_padding_phone=&#8221;|10%||10%|false|true&#8221; custom_padding_last_edited=&#8221;on|tablet&#8221; custom_css_main_element=&#8221;height: 403px!important;||display: flex;||flex-direction: column;||justify-content: center;&#8221; global_colors_info=&#8221;{}&#8221;][et_pb_text _builder_version=&#8221;4.14.4&#8243; _module_preset=&#8221;default&#8221; header_2_text_color=&#8221;#FFFFFF&#8221; global_colors_info=&#8221;{}&#8221;]<\/p>\n<h2>JUNTES<\/h2>\n<p>[\/et_pb_text][et_pb_text _builder_version=&#8221;4.14.4&#8243; _module_preset=&#8221;default&#8221; text_text_color=&#8221;#FFFFFF&#8221; global_colors_info=&#8221;{}&#8221;]<span>Els propietaris s\u00f3n la nostra prioritat. Per aquest motiu, a m\u00e9s de convocar les Juntes Ordin\u00e0ries habituals, gestionem totes les Juntes Extraordin\u00e0ries que siguin necess\u00e0ries.<\/span>[\/et_pb_text][\/et_pb_column][et_pb_column type=&#8221;1_3&#8243; _builder_version=&#8221;4.14.4&#8243; _module_preset=&#8221;default&#8221; background_color=&#8221;#bec8bf&#8221; custom_padding=&#8221;45px|3%|45px|3%|false|true&#8221; custom_padding_tablet=&#8221;|10%||10%|false|true&#8221; custom_padding_phone=&#8221;|10%||10%|false|true&#8221; custom_padding_last_edited=&#8221;on|tablet&#8221; custom_css_main_element=&#8221;height: 403px!important;||display: flex;||flex-direction: column;||justify-content: center;&#8221; global_colors_info=&#8221;{}&#8221;][et_pb_text _builder_version=&#8221;4.14.4&#8243; _module_preset=&#8221;default&#8221; header_2_text_color=&#8221;#002941&#8243; global_colors_info=&#8221;{}&#8221;]<\/p>\n<h2>COMPTABILITAT<\/h2>\n<p>[\/et_pb_text][et_pb_text _builder_version=&#8221;4.14.4&#8243; _module_preset=&#8221;default&#8221; text_text_color=&#8221;#002941&#8243; global_colors_info=&#8221;{}&#8221;]<\/p>\n<p><span>Elaborem els pressupostos de la Comunitat, tant de despeses comunit\u00e0ries com de possibles millores. Gestionem el cobrament de rebuts a propietaris.<\/span><\/p>\n<p>[\/et_pb_text][\/et_pb_column][\/et_pb_row][et_pb_row column_structure=&#8221;1_3,1_3,1_3&#8243; use_custom_gutter=&#8221;on&#8221; gutter_width=&#8221;2&#8243; make_equal=&#8221;on&#8221; _builder_version=&#8221;4.14.4&#8243; _module_preset=&#8221;default&#8221; max_width=&#8221;70%&#8221; custom_padding=&#8221;||6px|||&#8221; global_colors_info=&#8221;{}&#8221;][et_pb_column type=&#8221;1_3&#8243; _builder_version=&#8221;4.14.4&#8243; _module_preset=&#8221;default&#8221; background_color=&#8221;#002941&#8243; custom_padding=&#8221;45px|3%|45px|3%|false|true&#8221; custom_padding_tablet=&#8221;|10%||10%|false|true&#8221; custom_padding_phone=&#8221;|10%||10%|false|true&#8221; custom_padding_last_edited=&#8221;on|tablet&#8221; custom_css_main_element=&#8221;height: 403px!important;||display: flex;||flex-direction: column;||justify-content: center;&#8221; global_colors_info=&#8221;{}&#8221;][et_pb_text _builder_version=&#8221;4.14.4&#8243; _module_preset=&#8221;default&#8221; header_2_text_color=&#8221;#FFFFFF&#8221; global_colors_info=&#8221;{}&#8221;]<\/p>\n<h2>MANTENIMENT I ASSEGURANCES<\/h2>\n<p>[\/et_pb_text][et_pb_text _builder_version=&#8221;4.14.4&#8243; _module_preset=&#8221;default&#8221; text_text_color=&#8221;#FFFFFF&#8221; global_colors_info=&#8221;{}&#8221;]<\/p>\n<p><span>Disposem de professionals industrials per a cobrir les necessitats de la Comunitat. Estudis i propostes d\u2019assegurances.<\/span><\/p>\n<p>[\/et_pb_text][\/et_pb_column][et_pb_column type=&#8221;1_3&#8243; _builder_version=&#8221;4.14.4&#8243; _module_preset=&#8221;default&#8221; background_image=&#8221;https:\/\/fincaslayes.com\/wp-content\/uploads\/2021\/12\/pared-02.jpg&#8221; global_colors_info=&#8221;{}&#8221;][\/et_pb_column][et_pb_column type=&#8221;1_3&#8243; _builder_version=&#8221;4.14.4&#8243; _module_preset=&#8221;default&#8221; background_image=&#8221;https:\/\/fincaslayes.com\/wp-content\/uploads\/2021\/12\/pared-03-361&#215;403-1.jpg&#8221; global_colors_info=&#8221;{}&#8221;][\/et_pb_column][\/et_pb_row][et_pb_row column_structure=&#8221;1_3,1_3,1_3&#8243; use_custom_gutter=&#8221;on&#8221; gutter_width=&#8221;2&#8243; make_equal=&#8221;on&#8221; custom_padding_last_edited=&#8221;on|tablet&#8221; _builder_version=&#8221;4.14.4&#8243; _module_preset=&#8221;default&#8221; max_width=&#8221;70%&#8221; custom_padding=&#8221;||6px|||&#8221; custom_padding_tablet=&#8221;0px||||false|false&#8221; custom_padding_phone=&#8221;0px||||false|false&#8221; global_colors_info=&#8221;{}&#8221;][et_pb_column type=&#8221;1_3&#8243; _builder_version=&#8221;4.14.4&#8243; _module_preset=&#8221;default&#8221; background_image=&#8221;https:\/\/fincaslayes.com\/wp-content\/uploads\/2021\/12\/pared-04.jpg&#8221; global_colors_info=&#8221;{}&#8221;][et_pb_image src=&#8221;https:\/\/fincaslayes.com\/wp-content\/uploads\/2021\/12\/pared-04.jpg&#8221; title_text=&#8221;pared-04&#8243; disabled_on=&#8221;off|off|on&#8221; _builder_version=&#8221;4.14.4&#8243; _module_preset=&#8221;default&#8221; global_colors_info=&#8221;{}&#8221;][\/et_pb_image][\/et_pb_column][et_pb_column type=&#8221;1_3&#8243; _builder_version=&#8221;4.14.4&#8243; _module_preset=&#8221;default&#8221; background_image=&#8221;https:\/\/fincaslayes.com\/wp-content\/uploads\/2021\/12\/pared-05.jpg&#8221; global_colors_info=&#8221;{}&#8221;][\/et_pb_column][et_pb_column type=&#8221;1_3&#8243; _builder_version=&#8221;4.14.4&#8243; _module_preset=&#8221;default&#8221; background_color=&#8221;#bec8bf&#8221; custom_padding=&#8221;45px|3%|45px|3%|false|true&#8221; custom_padding_tablet=&#8221;|10%||10%|false|true&#8221; custom_padding_phone=&#8221;|10%||10%|false|true&#8221; custom_padding_last_edited=&#8221;on|tablet&#8221; custom_css_main_element=&#8221;height: 403px!important;||display: flex;||flex-direction: column;||justify-content: center;&#8221; global_colors_info=&#8221;{}&#8221;][et_pb_text _builder_version=&#8221;4.14.4&#8243; _module_preset=&#8221;default&#8221; header_2_text_color=&#8221;#002941&#8243; global_colors_info=&#8221;{}&#8221;]<\/p>\n<h2>ASSESSORAMENT<\/h2>\n<p>[\/et_pb_text][et_pb_text _builder_version=&#8221;4.14.4&#8243; _module_preset=&#8221;default&#8221; text_text_color=&#8221;#002941&#8243; global_colors_info=&#8221;{}&#8221;]<\/p>\n<p><span>Oferim assessorament legal i laboral per a tots els assumptes relacionats amb els immobles inclosos en la Comunitat.<\/span><\/p>\n<p>[\/et_pb_text][\/et_pb_column][\/et_pb_row][\/et_pb_section]<\/p>\n","protected":false},"excerpt":{"rendered":"<p>SERVEISEst\u00e0 buscant un administrador de finques per a la seva comunitat de propietaris?EXPERTS EN LA GESTI\u00d3 INTEGRAL DE COMUNITATSJUNTESEls propietaris s\u00f3n la nostra prioritat. Per aquest motiu, a m\u00e9s de convocar les Juntes Ordin\u00e0ries habituals, gestionem totes les Juntes Extraordin\u00e0ries que siguin necess\u00e0ries.COMPTABILITATElaborem els pressupostos de la Comunitat, tant de despeses comunit\u00e0ries com de possibles [&hellip;]<\/p>\n","protected":false},"author":2,"featured_media":370188,"parent":0,"menu_order":0,"comment_status":"closed","ping_status":"closed","template":"","meta":{"_et_pb_use_builder":"on","_et_pb_old_content":"","_et_gb_content_width":"","footnotes":""},"class_list":["post-368888","page","type-page","status-publish","has-post-thumbnail","hentry"],"_links":{"self":[{"href":"https:\/\/fincaslayes.com\/ca\/wp-json\/wp\/v2\/pages\/368888","targetHints":{"allow":["GET"]}}],"collection":[{"href":"https:\/\/fincaslayes.com\/ca\/wp-json\/wp\/v2\/pages"}],"about":[{"href":"https:\/\/fincaslayes.com\/ca\/wp-json\/wp\/v2\/types\/page"}],"author":[{"embeddable":true,"href":"https:\/\/fincaslayes.com\/ca\/wp-json\/wp\/v2\/users\/2"}],"replies":[{"embeddable":true,"href":"https:\/\/fincaslayes.com\/ca\/wp-json\/wp\/v2\/comments?post=368888"}],"version-history":[{"count":0,"href":"https:\/\/fincaslayes.com\/ca\/wp-json\/wp\/v2\/pages\/368888\/revisions"}],"wp:featuredmedia":[{"embeddable":true,"href":"https:\/\/fincaslayes.com\/ca\/wp-json\/wp\/v2\/media\/370188"}],"wp:attachment":[{"href":"https:\/\/fincaslayes.com\/ca\/wp-json\/wp\/v2\/media?parent=368888"}],"curies":[{"name":"wp","href":"https:\/\/api.w.org\/{rel}","templated":true}]}}